{"id":1520,"date":"2025-11-20T00:26:16","date_gmt":"2025-11-19T23:26:16","guid":{"rendered":"https:\/\/cedric-foussier.com\/?post_type=product&#038;p=1520"},"modified":"2025-11-20T00:26:37","modified_gmt":"2025-11-19T23:26:37","slug":"louvre-2","status":"publish","type":"product","link":"https:\/\/cedric-foussier.com\/en\/produit\/louvre-2\/","title":{"rendered":"Louvre 2"},"content":{"rendered":"","protected":false},"excerpt":{"rendered":"<p>Les photos sont disponibles \u00e0 la vente :<br \/>\n&#8211; au format num\u00e9rique (JPEG haute qualit\u00e9 de 50M de pixel)<br \/>\n&#8211; en impression num\u00e9rique num\u00e9rot\u00e9e et limit\u00e9e \u00e0 30 tirages.<\/p>\n<p>Les format propos\u00e9s sont :<br \/>\n&#8211; 90 x 60 cm<br \/>\n&#8211; 120 x 80 cm<\/p>\n<p>Pour d&#8217;autre format, vous pouvez me contacter directement par email.<\/p>\n<p>Les tirages sont livr\u00e9s sous 14 jours avec leur certificat d&#8217;authenticit\u00e9 dans un colis offrant une protection optimale \u00e0 votre oeuvre.<\/p>\n","protected":false},"featured_media":1488,"template":"","meta":{"_acf_changed":false},"product_brand":[],"product_cat":[16],"product_tag":[],"class_list":{"0":"post-1520","1":"product","2":"type-product","3":"status-publish","4":"has-post-thumbnail","6":"product_cat-non-classe","8":"first","9":"instock","10":"shipping-taxable","11":"purchasable","12":"product-type-variable"},"acf":[],"_links":{"self":[{"href":"https:\/\/cedric-foussier.com\/en\/wp-json\/wp\/v2\/product\/1520","targetHints":{"allow":["GET"]}}],"collection":[{"href":"https:\/\/cedric-foussier.com\/en\/wp-json\/wp\/v2\/product"}],"about":[{"href":"https:\/\/cedric-foussier.com\/en\/wp-json\/wp\/v2\/types\/product"}],"wp:featuredmedia":[{"embeddable":true,"href":"https:\/\/cedric-foussier.com\/en\/wp-json\/wp\/v2\/media\/1488"}],"wp:attachment":[{"href":"https:\/\/cedric-foussier.com\/en\/wp-json\/wp\/v2\/media?parent=1520"}],"wp:term":[{"taxonomy":"product_brand","embeddable":true,"href":"https:\/\/cedric-foussier.com\/en\/wp-json\/wp\/v2\/product_brand?post=1520"},{"taxonomy":"product_cat","embeddable":true,"href":"https:\/\/cedric-foussier.com\/en\/wp-json\/wp\/v2\/product_cat?post=1520"},{"taxonomy":"product_tag","embeddable":true,"href":"https:\/\/cedric-foussier.com\/en\/wp-json\/wp\/v2\/product_tag?post=1520"}],"curies":[{"name":"wp","href":"https:\/\/api.w.org\/{rel}","templated":true}]}}